{"id":64,"date":"2024-07-24T16:28:24","date_gmt":"2024-07-24T16:28:24","guid":{"rendered":"https:\/\/paseoturistico.tur.ar\/site\/?page_id=64"},"modified":"2024-07-31T02:08:45","modified_gmt":"2024-07-31T02:08:45","slug":"empresa","status":"publish","type":"page","link":"https:\/\/paseoturistico.tur.ar\/site\/empresa\/","title":{"rendered":"Empresa"},"content":{"rendered":"\n<h2 class=\"wp-block-heading has-text-align-center\"><em>40 A\u00d1OS DE EXPERIENCIA, RESPONSABILIDAD Y COMPROMISO PARA TU PR\u00d3XIMO DESTINO<\/em><\/h2>\n\n\n\n<div class=\"wp-block-columns is-layout-flex wp-container-core-columns-is-layout-994bf9a1 wp-block-columns-is-layout-flex\" style=\"padding-right:var(--wp--preset--spacing--70);padding-left:var(--wp--preset--spacing--70)\">\n<div class=\"wp-block-column is-vertically-aligned-top is-layout-flow wp-block-column-is-layout-flow\" style=\"flex-basis:66.67%\">\n<p class=\"has-text-align-left\"><strong><em>Con una visi\u00f3n cordial y personalizada a mis pasajeros, creando su viaje so\u00f1ado a la medida y deseo de cada uno. Y una misi\u00f3n de satisfacci\u00f3n en productos de calidad.<\/em><\/strong><\/p>\n\n\n\n<p class=\"has-text-align-left\"><strong><em>No solo entregando mis conocimientos , sino tambi\u00e9n, sugerencias beneficiosas, asesorando, planificando y armando su pr\u00f3ximo destino.<\/em><\/strong><\/p>\n\n\n\n<p class=\"has-text-align-left\"><strong><em>Los invito a que nos acompa\u00f1emos a disfrutar juntos de esta aventura&#8230;<\/em><\/strong><\/p>\n\n\n\n<p class=\"has-text-align-right\"><strong>MARIA BEATRIZ MARTIN<\/strong><br><strong>Agente de Viajes y Turismo<\/strong><br><strong>Id\u00f3neo N\u00b0 1671<\/strong><\/p>\n<\/div>\n\n\n\n<div class=\"wp-block-column is-vertically-aligned-top is-layout-flow wp-block-column-is-layout-flow\" style=\"flex-basis:33.33%\"><div class=\"wp-block-image\">\n<figure class=\"alignleft size-medium is-resized\"><a href=\"https:\/\/paseoturistico.tur.ar\/site\/wp-content\/uploads\/2024\/07\/Captura-de-pantalla-2024-06-09-225010.png\"><img loading=\"lazy\" decoding=\"async\" width=\"239\" height=\"300\" src=\"https:\/\/paseoturistico.tur.ar\/site\/wp-content\/uploads\/2024\/07\/Captura-de-pantalla-2024-06-09-225010-239x300.png\" alt=\"\" class=\"wp-image-65\" style=\"width:300px\" srcset=\"https:\/\/paseoturistico.tur.ar\/site\/wp-content\/uploads\/2024\/07\/Captura-de-pantalla-2024-06-09-225010-239x300.png 239w, https:\/\/paseoturistico.tur.ar\/site\/wp-content\/uploads\/2024\/07\/Captura-de-pantalla-2024-06-09-225010-438x550.png 438w, https:\/\/paseoturistico.tur.ar\/site\/wp-content\/uploads\/2024\/07\/Captura-de-pantalla-2024-06-09-225010-398x500.png 398w, https:\/\/paseoturistico.tur.ar\/site\/wp-content\/uploads\/2024\/07\/Captura-de-pantalla-2024-06-09-225010.png 462w\" sizes=\"auto, (max-width: 239px) 100vw, 239px\" \/><\/a><\/figure>\n<\/div><\/div>\n<\/div>\n\n\n\n<p><\/p>\n","protected":false},"excerpt":{"rendered":"<p>40 A\u00d1OS DE EXPERIENCIA, RESPONSABILIDAD Y COMPROMISO PARA TU PR\u00d3XIMO DESTINO Con una visi\u00f3n cordial y personalizada a mis pasajeros, creando su viaje so\u00f1ado a la medida y deseo de cada uno. Y una misi\u00f3n de satisfacci\u00f3n en productos de calidad. No solo entregando mis conocimientos , sino tambi\u00e9n, sugerencias<span class=\"more-link\"><a href=\"https:\/\/paseoturistico.tur.ar\/site\/empresa\/\">Continue Reading<\/a><\/span><\/p>\n","protected":false},"author":2,"featured_media":0,"parent":0,"menu_order":0,"comment_status":"closed","ping_status":"closed","template":"","meta":{"_joinchat":[],"footnotes":""},"class_list":["entry","author-c0620340","post-64","page","type-page","status-publish"],"_links":{"self":[{"href":"https:\/\/paseoturistico.tur.ar\/site\/wp-json\/wp\/v2\/pages\/64","targetHints":{"allow":["GET"]}}],"collection":[{"href":"https:\/\/paseoturistico.tur.ar\/site\/wp-json\/wp\/v2\/pages"}],"about":[{"href":"https:\/\/paseoturistico.tur.ar\/site\/wp-json\/wp\/v2\/types\/page"}],"author":[{"embeddable":true,"href":"https:\/\/paseoturistico.tur.ar\/site\/wp-json\/wp\/v2\/users\/2"}],"replies":[{"embeddable":true,"href":"https:\/\/paseoturistico.tur.ar\/site\/wp-json\/wp\/v2\/comments?post=64"}],"version-history":[{"count":18,"href":"https:\/\/paseoturistico.tur.ar\/site\/wp-json\/wp\/v2\/pages\/64\/revisions"}],"predecessor-version":[{"id":220,"href":"https:\/\/paseoturistico.tur.ar\/site\/wp-json\/wp\/v2\/pages\/64\/revisions\/220"}],"wp:attachment":[{"href":"https:\/\/paseoturistico.tur.ar\/site\/wp-json\/wp\/v2\/media?parent=64"}],"curies":[{"name":"wp","href":"https:\/\/api.w.org\/{rel}","templated":true}]}}